{"id":1646,"date":"2022-02-24T14:11:37","date_gmt":"2022-02-24T14:11:37","guid":{"rendered":"https:\/\/teamwork2project.eu\/elearning\/"},"modified":"2024-09-06T13:04:19","modified_gmt":"2024-09-06T13:04:19","slug":"elearning","status":"publish","type":"page","link":"https:\/\/teamwork2project.eu\/ca\/elearning\/","title":{"rendered":"eLearning"},"content":{"rendered":"<div>\n<p><strong>Benvingut a la plataforma d&#8217;aprenentatge electr\u00f2nic TeamWork 2!<\/strong><\/p>\n<\/div>\n<div>\n<p>Desbloqueja tot el potencial per crear entorns de treball segurs i inclusius per a tothom amb el curs especialitzat TeamWork 2.<\/p>\n<\/div>\n<div>Aquest curs est\u00e0 dissenyat per dotar els empresaris dels coneixements i habilitats essencials per abordar i prevenir de manera efica\u00e7 l&#8217;assetjament sexual en el lloc de treball. Els nostres m\u00f2duls de formaci\u00f3 proporcionen una comprensi\u00f3 completa de les definicions i principis b\u00e0sics, els marcs legals, les consideracions \u00e8tiques, les pol\u00edtiques, la den\u00fancia i el suport a les v\u00edctimes, i formaci\u00f3 addicional per fomentar un entorn de treball respectu\u00f3s. Mitjan\u00e7ant escenaris atractius del m\u00f3n real, aprendr\u00e0s a identificar, abordar i prevenir comportaments inadequats, assegurant-te que el teu lloc de treball segueixi sent un espai positiu per a tothom. <\/div>\n<div>Els cursos eLearning estan disponibles en angl\u00e8s, grec, b\u00falgar, croat, itali\u00e0 i catal\u00e0. <\/div>\n<p>\n    <a href=\"https:\/\/teamwork2project.eu\/ca\/courses\/e-learning\/\">Visita la plataforma<\/a>\n<\/p>\n<p><img decoding=\"async\" src=\"\/wp-content\/uploads\/2023\/05\/elearning-img-10.png\" alt=\"\"><\/p>\n<p><!--more--><br \/>\n<!-- {\"type\":\"layout\",\"children\":[{\"type\":\"section\",\"props\":{\"css\":\".el-section{\\n\\tbackground: #60c4b6;\\n}\",\"height\":\"percent\",\"image_position\":\"center-center\",\"padding_remove_top\":false,\"style\":\"default\",\"title_breakpoint\":\"xl\",\"title_position\":\"top-left\",\"title_rotation\":\"left\",\"vertical_align\":\"\",\"width\":\"default\"},\"children\":[{\"type\":\"row\",\"children\":[{\"type\":\"column\",\"props\":{\"image_position\":\"center-center\",\"media_overlay_gradient\":\"\",\"position_sticky_breakpoint\":\"m\"},\"children\":[{\"type\":\"headline\",\"props\":{\"class\":\"page-header\",\"title_element\":\"h1\"},\"source\":{\"query\":{\"name\":\"pages.singlePage\"},\"props\":{\"content\":{\"filters\":{\"search\":\"\"},\"name\":\"title\"}}}}]}]},{\"type\":\"row\",\"props\":{\"layout\":\"2-3,1-3\"},\"children\":[{\"type\":\"column\",\"props\":{\"image_position\":\"center-center\",\"media_overlay_gradient\":\"\",\"position_sticky_breakpoint\":\"m\",\"vertical_align\":\"middle\",\"width_medium\":\"2-3\"},\"children\":[{\"type\":\"text\",\"props\":{\"column_breakpoint\":\"m\",\"content\":\"\n\n<p><strong>Benvingut a la plataforma d'aprenentatge electr\\u00f2nic TeamWork 2!<\\\/strong><\\\/p>\",\"margin\":\"default\"}},{\"type\":\"text\",\"props\":{\"column_breakpoint\":\"m\",\"content\":\"\n\n<p>Desbloqueja tot el potencial per crear entorns de treball segurs i inclusius per a tothom amb el curs especialitzat TeamWork 2.<\\\/p>\",\"margin\":\"default\"}},{\"type\":\"text\",\"props\":{\"column_breakpoint\":\"m\",\"content\":\"Aquest curs est\\u00e0 dissenyat per dotar els empresaris dels coneixements i habilitats essencials per abordar i prevenir de manera efica\\u00e7 l'assetjament sexual en el lloc de treball. Els nostres m\\u00f2duls de formaci\\u00f3 proporcionen una comprensi\\u00f3 completa de les definicions i principis b\\u00e0sics, els marcs legals, les consideracions \\u00e8tiques, les pol\\u00edtiques, la den\\u00fancia i el suport a les v\\u00edctimes, i formaci\\u00f3 addicional per fomentar un entorn de treball respectu\\u00f3s. Mitjan\\u00e7ant escenaris atractius del m\\u00f3n real, aprendr\\u00e0s a identificar, abordar i prevenir comportaments inadequats, assegurant-te que el teu lloc de treball segueixi sent un espai positiu per a tothom. \",\"margin\":\"default\"}},{\"type\":\"text\",\"props\":{\"column_breakpoint\":\"m\",\"content\":\"Els cursos eLearning estan disponibles en angl\\u00e8s, grec, b\\u00falgar, croat, itali\\u00e0 i catal\\u00e0. \",\"margin\":\"default\"}},{\"type\":\"button\",\"props\":{\"grid_column_gap\":\"small\",\"grid_row_gap\":\"small\",\"margin\":\"default\"},\"children\":[{\"type\":\"button_item\",\"props\":{\"button_style\":\"secondary\",\"content\":\"Visita la plataforma\",\"icon_align\":\"left\",\"link\":\"https:\\\/\\\/teamwork2project.eu\\\/ca\\\/courses\\\/e-learning\\\/\"}}]}]},{\"type\":\"column\",\"props\":{\"image_position\":\"center-center\",\"media_overlay_gradient\":\"\",\"position_sticky_breakpoint\":\"m\",\"vertical_align\":\"middle\",\"width_medium\":\"1-3\"},\"children\":[{\"type\":\"image\",\"props\":{\"image\":\"wp-content\\\/uploads\\\/2023\\\/05\\\/elearning-img-10.png\",\"image_svg_color\":\"emphasis\",\"image_width\":\"300\",\"margin\":\"default\",\"text_align\":\"center\"}}]}]}],\"name\":\"ELEARNING - Section FINAL\"},{\"type\":\"section\",\"props\":{\"css\":\".el-section{\\n\\tbackground: #60c4b6;\\n}\",\"height\":\"percent\",\"image_position\":\"center-center\",\"padding_remove_top\":false,\"status\":\"disabled\",\"style\":\"default\",\"title_breakpoint\":\"xl\",\"title_position\":\"top-left\",\"title_rotation\":\"left\",\"vertical_align\":\"\",\"width\":\"default\"},\"children\":[{\"type\":\"row\",\"children\":[{\"type\":\"column\",\"props\":{\"image_position\":\"center-center\",\"media_overlay_gradient\":\"\",\"position_sticky_breakpoint\":\"m\"},\"children\":[{\"type\":\"headline\",\"props\":{\"class\":\"page-header\",\"title_element\":\"h1\"},\"source\":{\"query\":{\"name\":\"pages.singlePage\"},\"props\":{\"content\":{\"filters\":{\"search\":\"\"},\"name\":\"title\"}}}}]}]},{\"type\":\"row\",\"props\":{\"layout\":\"2-3,1-3\"},\"children\":[{\"type\":\"column\",\"props\":{\"image_position\":\"center-center\",\"media_overlay_gradient\":\"\",\"position_sticky_breakpoint\":\"m\",\"vertical_align\":\"middle\",\"width_medium\":\"2-3\"},\"children\":[{\"type\":\"text\",\"props\":{\"column_breakpoint\":\"m\",\"content\":\"\n\n<p>S\\u2019oferir\\u00e0 un curs en l\\u00ednia als treballadors i treballadores sobre com combatre l\\u2019assetjament sexual a la feina. Les persones usu\\u00e0ries hi trobaran m\\u00f2duls i manuals, podran participar en activitats educatives, utilitzar eines de valoraci\\u00f3 per avaluar el seu progr\\u00e9s i comunicar-se amb altres usuaris\\\/es i docents. <\\\/p>\",\"margin\":\"default\"}}]},{\"type\":\"column\",\"props\":{\"image_position\":\"center-center\",\"media_overlay_gradient\":\"\",\"position_sticky_breakpoint\":\"m\",\"vertical_align\":\"middle\",\"width_medium\":\"1-3\"},\"children\":[{\"type\":\"image\",\"props\":{\"image\":\"wp-content\\\/uploads\\\/2023\\\/05\\\/elearning-img-10.png\",\"image_svg_color\":\"emphasis\",\"margin\":\"default\",\"text_align\":\"center\"}}]}]}]}],\"version\":\"3.0.20\"} --><\/p>\n","protected":false},"excerpt":{"rendered":"<p>Benvingut a la plataforma d&#8217;aprenentatge electr\u00f2nic TeamWork 2! Desbloqueja tot el potencial per crear entorns de treball segurs i inclusius per a tothom amb el curs especialitzat TeamWork 2. Aquest curs est\u00e0 dissenyat per dotar els empresaris dels coneixements i habilitats essencials per abordar i prevenir de manera efica\u00e7 l&#8217;assetjament sexual en el lloc de [&hellip;]<\/p>\n","protected":false},"author":1,"featured_media":0,"parent":0,"menu_order":0,"comment_status":"closed","ping_status":"closed","template":"","meta":{"_acf_changed":false,"inline_featured_image":false,"footnotes":""},"class_list":["post-1646","page","type-page","status-publish","hentry"],"acf":[],"_links":{"self":[{"href":"https:\/\/teamwork2project.eu\/ca\/wp-json\/wp\/v2\/pages\/1646","targetHints":{"allow":["GET"]}}],"collection":[{"href":"https:\/\/teamwork2project.eu\/ca\/wp-json\/wp\/v2\/pages"}],"about":[{"href":"https:\/\/teamwork2project.eu\/ca\/wp-json\/wp\/v2\/types\/page"}],"author":[{"embeddable":true,"href":"https:\/\/teamwork2project.eu\/ca\/wp-json\/wp\/v2\/users\/1"}],"replies":[{"embeddable":true,"href":"https:\/\/teamwork2project.eu\/ca\/wp-json\/wp\/v2\/comments?post=1646"}],"version-history":[{"count":5,"href":"https:\/\/teamwork2project.eu\/ca\/wp-json\/wp\/v2\/pages\/1646\/revisions"}],"predecessor-version":[{"id":2135,"href":"https:\/\/teamwork2project.eu\/ca\/wp-json\/wp\/v2\/pages\/1646\/revisions\/2135"}],"wp:attachment":[{"href":"https:\/\/teamwork2project.eu\/ca\/wp-json\/wp\/v2\/media?parent=1646"}],"curies":[{"name":"wp","href":"https:\/\/api.w.org\/{rel}","templated":true}]}}