{"id":1663,"date":"2023-05-19T15:34:57","date_gmt":"2023-05-19T15:34:57","guid":{"rendered":"https:\/\/teamwork2project.eu\/results\/"},"modified":"2025-05-30T08:18:31","modified_gmt":"2025-05-30T08:18:31","slug":"results","status":"publish","type":"page","link":"https:\/\/teamwork2project.eu\/ca\/results\/","title":{"rendered":"Resultats"},"content":{"rendered":"<div>\n<p>Les entitats s\u00f2cies de TEAMWORK 2 recomanaran pol\u00edtiques espec\u00edfiques a cada pa\u00eds i context. Tamb\u00e9 es formularan recomanacions a nivell europeu. Les pol\u00edtiques d\u2019empresa es faran servir a nivell nacional per ajudar a fer un canvi en el sistema.<\/p>\n<\/div>\n<p><iframe src=\"https:\/\/www.youtube.com\/watch?v=DjC8M3aPzyE&#038;feature=youtu.be\"><\/iframe><\/p>\n<hr>\n<div>\n<p>A sota podreu trobar els resultats i conclusions del projecte TEAMWORK 1.<\/p>\n<\/div>\n<h4>Plataforma en l\u00ednia per a professionals de recursos humans<\/h4>\n<div>\n<p>Aquesta eina en l\u00ednia permetr\u00e0 a les empreses autoavaluar la seva disposici\u00f3 pel que fa a les pol\u00edtiques de reconeixement, prevenci\u00f3 i protecci\u00f3 de l\u2019AS. Les empreses que completin el q\u00fcestionari d\u2019autoavaluaci\u00f3 amb \u00e8xit obtindran el segell \u201clliure d\u2019assetjament sexual\u201d. Les que hagin obtingut una puntuaci\u00f3 baixa tindran acc\u00e9s a pautes i recomanacions per millorar les seves pol\u00edtiques i pr\u00e0ctiques.<\/p>\n<\/div>\n<p>\n    <a href=\"https:\/\/kmop.limequery.com\/292319?lang=en\">Ves a l\u2019eina<\/a>\n<\/p>\n<h4>Pautes i seminari de desenvolupament de capacitats per a caps de recursos humans, supervisors\/es, caps d\u2019equip i directius\/ves s\u00e8nior<\/h4>\n<div>\n<p>Es formar\u00e0 l\u2019equip de recursos humans i direcci\u00f3 per integrar pol\u00edtiques i pr\u00e0ctiques per prevenir i tractar l\u2019assetjament sexual al lloc de treball.<\/p>\n<\/div>\n<ul>\n<li>\n        <a href=\"\/wp-content\/uploads\/2023\/05\/D2.7-CB-Seminar-Curriculum_EN1.pdf\">Descarregar el seminari<\/a>\n    <\/li>\n<li>\n        <a href=\"\/wp-content\/uploads\/2023\/05\/TEAMWORK_D2.6_Guidelines_EN1.pdf\">Descarregar les pautes<\/a>\n    <\/li>\n<\/ul>\n<hr>\n<h4>Recomanacions pol\u00edtiques<\/h4>\n<div>Aquest document recull un seguit de recomanacions adre\u00e7ades a les i els responsables pol\u00edtics dels pa\u00efsos que participen en el projecte Teamwork 2, amb la voluntat de contribuir a la millora de la legislaci\u00f3, tant a nivell nacional com europeu, en mat\u00e8ria d\u2019assetjament sexual en l\u2019\u00e0mbit laboral.<\/div>\n<p>\n    <a href=\"\/wp-content\/uploads\/2025\/05\/Teamwork-2-Policy-Paper-FINAL_Catalan.pdf\">Llegeix<\/a>\n<\/p>\n<p><!--more--><br \/>\n<!-- {\"type\":\"layout\",\"children\":[{\"type\":\"section\",\"props\":{\"animation\":\"fade\",\"css\":\".el-section{\\n\\tbackground: #f2665d;\\n}\",\"image_position\":\"center-center\",\"padding_remove_bottom\":true,\"style\":\"default\",\"title_breakpoint\":\"xl\",\"title_position\":\"top-left\",\"title_rotation\":\"left\",\"vertical_align\":\"middle\",\"width\":\"default\"},\"children\":[{\"type\":\"row\",\"children\":[{\"type\":\"column\",\"props\":{\"image_position\":\"center-center\",\"media_overlay_gradient\":\"\",\"position_sticky_breakpoint\":\"m\"},\"children\":[{\"type\":\"headline\",\"props\":{\"class\":\"page-header\",\"title_element\":\"h1\"},\"source\":{\"query\":{\"name\":\"pages.singlePage\"},\"props\":{\"content\":{\"filters\":{\"search\":\"\"},\"name\":\"title\"}}}}]}]},{\"type\":\"row\",\"children\":[{\"type\":\"column\",\"props\":{\"image_position\":\"center-center\",\"media_overlay_gradient\":\"\",\"position_sticky_breakpoint\":\"m\"},\"children\":[{\"type\":\"text\",\"props\":{\"column_breakpoint\":\"m\",\"content\":\"\n\n<p>Les entitats s\\u00f2cies de TEAMWORK 2 recomanaran pol\\u00edtiques espec\\u00edfiques a cada pa\\u00eds i context. Tamb\\u00e9 es formularan recomanacions a nivell europeu. Les pol\\u00edtiques d\\u2019empresa es faran servir a nivell nacional per ajudar a fer un canvi en el sistema.<\\\/p>\",\"margin\":\"default\"}}]}]},{\"type\":\"row\",\"children\":[{\"type\":\"column\",\"props\":{\"image_position\":\"center-center\",\"media_overlay_gradient\":\"\",\"position_sticky_breakpoint\":\"m\"},\"children\":[{\"type\":\"video\",\"props\":{\"margin\":\"default\",\"video\":\"https:\\\/\\\/www.youtube.com\\\/watch?v=DjC8M3aPzyE&feature=youtu.be\",\"video_controls\":true,\"video_height\":\"400\",\"video_width\":\"1200\"},\"name\":\"Video (CA)\"}]}]}]},{\"type\":\"section\",\"props\":{\"animation\":\"slide-top-small\",\"css\":\".el-section{\\n\\tbackground: #f2665d;\\n}\",\"image_position\":\"center-center\",\"padding_remove_bottom\":true,\"style\":\"default\",\"title_breakpoint\":\"xl\",\"title_position\":\"top-left\",\"title_rotation\":\"left\",\"vertical_align\":\"middle\",\"width\":\"default\"},\"children\":[{\"type\":\"row\",\"children\":[{\"type\":\"column\",\"props\":{\"image_position\":\"center-center\",\"media_overlay_gradient\":\"\",\"position_sticky_breakpoint\":\"m\"},\"children\":[{\"type\":\"divider\",\"props\":{\"divider_element\":\"hr\",\"divider_style\":\"icon\"}},{\"type\":\"text\",\"props\":{\"column_breakpoint\":\"m\",\"content\":\"\n\n<p>A sota podreu trobar els resultats i conclusions del projecte TEAMWORK 1.<\\\/p>\",\"margin\":\"default\"}},{\"type\":\"headline\",\"props\":{\"content\":\"Plataforma en l\\u00ednia per a professionals de recursos humans\",\"title_element\":\"h4\"}},{\"type\":\"text\",\"props\":{\"column_breakpoint\":\"m\",\"content\":\"\n\n<p>Aquesta eina en l\\u00ednia permetr\\u00e0 a les empreses autoavaluar la seva disposici\\u00f3 pel que fa a les pol\\u00edtiques de reconeixement, prevenci\\u00f3 i protecci\\u00f3 de l\\u2019AS. Les empreses que completin el q\\u00fcestionari d\\u2019autoavaluaci\\u00f3 amb \\u00e8xit obtindran el segell \\u201clliure d\\u2019assetjament sexual\\u201d. Les que hagin obtingut una puntuaci\\u00f3 baixa tindran acc\\u00e9s a pautes i recomanacions per millorar les seves pol\\u00edtiques i pr\\u00e0ctiques.<\\\/p>\",\"margin\":\"default\"}},{\"type\":\"button\",\"props\":{\"grid_column_gap\":\"small\",\"grid_row_gap\":\"small\",\"margin\":\"default\"},\"children\":[{\"type\":\"button_item\",\"props\":{\"button_style\":\"primary\",\"content\":\"Ves a l\\u2019eina\",\"icon_align\":\"left\",\"link\":\"https:\\\/\\\/kmop.limequery.com\\\/292319?lang=en\",\"link_target\":\"blank\"}}]}]}]},{\"type\":\"row\",\"children\":[{\"type\":\"column\",\"props\":{\"image_position\":\"center-center\",\"media_overlay_gradient\":\"\",\"position_sticky_breakpoint\":\"m\"},\"children\":[{\"type\":\"headline\",\"props\":{\"content\":\"Pautes i seminari de desenvolupament de capacitats per a caps de recursos humans, supervisors\\\/es, caps d\\u2019equip i directius\\\/ves s\\u00e8nior\",\"title_element\":\"h4\"}},{\"type\":\"text\",\"props\":{\"column_breakpoint\":\"m\",\"content\":\"\n\n<p>Es formar\\u00e0 l\\u2019equip de recursos humans i direcci\\u00f3 per integrar pol\\u00edtiques i pr\\u00e0ctiques per prevenir i tractar l\\u2019assetjament sexual al lloc de treball.<\\\/p>\",\"margin\":\"default\"}},{\"type\":\"button\",\"props\":{\"grid_column_gap\":\"small\",\"grid_row_gap\":\"small\",\"margin\":\"default\"},\"children\":[{\"type\":\"button_item\",\"props\":{\"button_style\":\"primary\",\"content\":\"Descarregar el seminari\",\"icon_align\":\"left\",\"link\":\"wp-content\\\/uploads\\\/2023\\\/05\\\/D2.7-CB-Seminar-Curriculum_EN1.pdf\"}},{\"type\":\"button_item\",\"props\":{\"button_style\":\"primary\",\"content\":\"Descarregar les pautes\",\"icon_align\":\"left\",\"link\":\"wp-content\\\/uploads\\\/2023\\\/05\\\/TEAMWORK_D2.6_Guidelines_EN1.pdf\"}}]}]}]}]},{\"type\":\"section\",\"props\":{\"animation\":\"slide-top-small\",\"css\":\".el-section{\\n\\tbackground: #f2665d;\\n}\",\"image_position\":\"center-center\",\"padding_remove_bottom\":false,\"style\":\"default\",\"title_breakpoint\":\"xl\",\"title_position\":\"top-left\",\"title_rotation\":\"left\",\"vertical_align\":\"middle\",\"width\":\"default\"},\"children\":[{\"type\":\"row\",\"children\":[{\"type\":\"column\",\"props\":{\"image_position\":\"center-center\",\"media_overlay_gradient\":\"\",\"position_sticky_breakpoint\":\"m\"},\"children\":[{\"type\":\"divider\",\"props\":{\"divider_element\":\"hr\",\"divider_style\":\"icon\"}},{\"type\":\"headline\",\"props\":{\"content\":\"Recomanacions pol\\u00edtiques\",\"title_element\":\"h4\"}},{\"type\":\"text\",\"props\":{\"column_breakpoint\":\"m\",\"content\":\"Aquest document recull un seguit de recomanacions adre\\u00e7ades a les i els responsables pol\\u00edtics dels pa\\u00efsos que participen en el projecte Teamwork 2, amb la voluntat de contribuir a la millora de la legislaci\\u00f3, tant a nivell nacional com europeu, en mat\\u00e8ria d\\u2019assetjament sexual en l\\u2019\\u00e0mbit laboral.\",\"margin\":\"default\"}},{\"type\":\"button\",\"props\":{\"grid_column_gap\":\"small\",\"grid_row_gap\":\"small\",\"margin\":\"default\"},\"children\":[{\"type\":\"button_item\",\"props\":{\"button_style\":\"primary\",\"content\":\"Llegeix\",\"icon_align\":\"left\",\"link\":\"wp-content\\\/uploads\\\/2025\\\/05\\\/Teamwork-2-Policy-Paper-FINAL_Catalan.pdf\",\"link_target\":\"blank\"}}]}]}]}],\"name\":\"Policy Paper Section\"}],\"version\":\"3.0.20\"} --><\/p>\n","protected":false},"excerpt":{"rendered":"<p>Les entitats s\u00f2cies de TEAMWORK 2 recomanaran pol\u00edtiques espec\u00edfiques a cada pa\u00eds i context. Tamb\u00e9 es formularan recomanacions a nivell europeu. Les pol\u00edtiques d\u2019empresa es faran servir a nivell nacional per ajudar a fer un canvi en el sistema. A sota podreu trobar els resultats i conclusions del projecte TEAMWORK 1. Plataforma en l\u00ednia per [&hellip;]<\/p>\n","protected":false},"author":1,"featured_media":0,"parent":0,"menu_order":0,"comment_status":"closed","ping_status":"closed","template":"","meta":{"_acf_changed":false,"inline_featured_image":false,"footnotes":""},"class_list":["post-1663","page","type-page","status-publish","hentry"],"acf":[],"_links":{"self":[{"href":"https:\/\/teamwork2project.eu\/ca\/wp-json\/wp\/v2\/pages\/1663","targetHints":{"allow":["GET"]}}],"collection":[{"href":"https:\/\/teamwork2project.eu\/ca\/wp-json\/wp\/v2\/pages"}],"about":[{"href":"https:\/\/teamwork2project.eu\/ca\/wp-json\/wp\/v2\/types\/page"}],"author":[{"embeddable":true,"href":"https:\/\/teamwork2project.eu\/ca\/wp-json\/wp\/v2\/users\/1"}],"replies":[{"embeddable":true,"href":"https:\/\/teamwork2project.eu\/ca\/wp-json\/wp\/v2\/comments?post=1663"}],"version-history":[{"count":10,"href":"https:\/\/teamwork2project.eu\/ca\/wp-json\/wp\/v2\/pages\/1663\/revisions"}],"predecessor-version":[{"id":2917,"href":"https:\/\/teamwork2project.eu\/ca\/wp-json\/wp\/v2\/pages\/1663\/revisions\/2917"}],"wp:attachment":[{"href":"https:\/\/teamwork2project.eu\/ca\/wp-json\/wp\/v2\/media?parent=1663"}],"curies":[{"name":"wp","href":"https:\/\/api.w.org\/{rel}","templated":true}]}}