{"id":1648,"date":"2022-02-24T14:11:37","date_gmt":"2022-02-24T14:11:37","guid":{"rendered":"https:\/\/teamwork2project.eu\/elearning\/"},"modified":"2024-09-06T13:06:15","modified_gmt":"2024-09-06T13:06:15","slug":"elearning","status":"publish","type":"page","link":"https:\/\/teamwork2project.eu\/fr\/elearning\/","title":{"rendered":"eLearning"},"content":{"rendered":"<div>\n<p><strong>Bienvenue sur la plateforme d&rsquo;apprentissage en ligne TeamWork 2!<\/strong><\/p>\n<\/div>\n<div>\n<p>Utilisez tous vos talents pour cr\u00e9er des environnements de travail s\u00fbrs et inclusifs gr\u00e2ce au cours sp\u00e9cialis\u00e9 TeamWork 2.<\/p>\n<\/div>\n<div>Ce cours vise \u00e0 donner aux employeurs les connaissances et comp\u00e9tences indispensables pour g\u00e9rer et pr\u00e9venir efficacement le harc\u00e8lement sexuel sur le lieu de travail. Nos modules de formation offrent une compr\u00e9hension approfondie des d\u00e9finitions et principes de base, des cadres juridiques, des consid\u00e9rations \u00e9thiques, des politiques, du signalement et du soutien aux victimes, ainsi que d&rsquo;autres formations pour favoriser un environnement de travail respectueux.  Gr\u00e2ce \u00e0 des sc\u00e9narios concrets et engageants, vous apprendrez \u00e0 identifier, traiter et pr\u00e9venir les comportements inappropri\u00e9s, afin de garantir que votre lieu de travail reste un espace positif pour tout le monde. <\/div>\n<div>Les cours eLearning sont propos\u00e9s dans les langues suivantes : anglais, grec, bulgare, croate, italien et catalan.<\/div>\n<p>\n    <a href=\"https:\/\/teamwork2project.eu\/courses\/e-learning\/\">Visitez la plateforme<\/a>\n<\/p>\n<p><img decoding=\"async\" src=\"\/wp-content\/uploads\/2023\/05\/elearning-img-10.png\" alt=\"\"><\/p>\n<p><!--more--><br \/>\n<!-- {\"type\":\"layout\",\"children\":[{\"type\":\"section\",\"props\":{\"css\":\".el-section{\\n\\tbackground: #60c4b6;\\n}\",\"height\":\"percent\",\"image_position\":\"center-center\",\"padding_remove_top\":false,\"style\":\"default\",\"title_breakpoint\":\"xl\",\"title_position\":\"top-left\",\"title_rotation\":\"left\",\"vertical_align\":\"\",\"width\":\"default\"},\"children\":[{\"type\":\"row\",\"children\":[{\"type\":\"column\",\"props\":{\"image_position\":\"center-center\",\"media_overlay_gradient\":\"\",\"position_sticky_breakpoint\":\"m\"},\"children\":[{\"type\":\"headline\",\"props\":{\"class\":\"page-header\",\"title_element\":\"h1\"},\"source\":{\"query\":{\"name\":\"pages.singlePage\"},\"props\":{\"content\":{\"filters\":{\"search\":\"\"},\"name\":\"title\"}}}}]}]},{\"type\":\"row\",\"props\":{\"layout\":\"2-3,1-3\"},\"children\":[{\"type\":\"column\",\"props\":{\"image_position\":\"center-center\",\"media_overlay_gradient\":\"\",\"position_sticky_breakpoint\":\"m\",\"vertical_align\":\"middle\",\"width_medium\":\"2-3\"},\"children\":[{\"type\":\"text\",\"props\":{\"column_breakpoint\":\"m\",\"content\":\"\n\n<p><strong>Bienvenue sur la plateforme d'apprentissage en ligne TeamWork 2!<\\\/strong><\\\/p>\",\"margin\":\"default\"}},{\"type\":\"text\",\"props\":{\"column_breakpoint\":\"m\",\"content\":\"\n\n<p>Utilisez tous vos talents pour cr\\u00e9er des environnements de travail s\\u00fbrs et inclusifs gr\\u00e2ce au cours sp\\u00e9cialis\\u00e9 TeamWork 2.<\\\/p>\",\"margin\":\"default\"}},{\"type\":\"text\",\"props\":{\"column_breakpoint\":\"m\",\"content\":\"Ce cours vise \\u00e0 donner aux employeurs les connaissances et comp\\u00e9tences indispensables pour g\\u00e9rer et pr\\u00e9venir efficacement le harc\\u00e8lement sexuel sur le lieu de travail. Nos modules de formation offrent une compr\\u00e9hension approfondie des d\\u00e9finitions et principes de base, des cadres juridiques, des consid\\u00e9rations \\u00e9thiques, des politiques, du signalement et du soutien aux victimes, ainsi que d'autres formations pour favoriser un environnement de travail respectueux.  Gr\\u00e2ce \\u00e0 des sc\\u00e9narios concrets et engageants, vous apprendrez \\u00e0 identifier, traiter et pr\\u00e9venir les comportements inappropri\\u00e9s, afin de garantir que votre lieu de travail reste un espace positif pour tout le monde. \",\"margin\":\"default\"}},{\"type\":\"text\",\"props\":{\"column_breakpoint\":\"m\",\"content\":\"Les cours eLearning sont propos\\u00e9s dans les langues suivantes : anglais, grec, bulgare, croate, italien et catalan.\",\"margin\":\"default\"}},{\"type\":\"button\",\"props\":{\"grid_column_gap\":\"small\",\"grid_row_gap\":\"small\",\"margin\":\"default\"},\"children\":[{\"type\":\"button_item\",\"props\":{\"button_style\":\"secondary\",\"content\":\"Visitez la plateforme\",\"icon_align\":\"left\",\"link\":\"https:\\\/\\\/teamwork2project.eu\\\/courses\\\/e-learning\\\/\"}}]}]},{\"type\":\"column\",\"props\":{\"image_position\":\"center-center\",\"media_overlay_gradient\":\"\",\"position_sticky_breakpoint\":\"m\",\"vertical_align\":\"middle\",\"width_medium\":\"1-3\"},\"children\":[{\"type\":\"image\",\"props\":{\"image\":\"wp-content\\\/uploads\\\/2023\\\/05\\\/elearning-img-10.png\",\"image_svg_color\":\"emphasis\",\"image_width\":\"300\",\"margin\":\"default\",\"text_align\":\"center\"}}]}]}],\"name\":\"ELEARNING - Section FINAL\"},{\"type\":\"section\",\"props\":{\"css\":\".el-section{\\n\\tbackground: #60c4b6;\\n}\",\"height\":\"percent\",\"image_position\":\"center-center\",\"padding_remove_top\":false,\"status\":\"disabled\",\"style\":\"default\",\"title_breakpoint\":\"xl\",\"title_position\":\"top-left\",\"title_rotation\":\"left\",\"vertical_align\":\"\",\"width\":\"default\"},\"children\":[{\"type\":\"row\",\"children\":[{\"type\":\"column\",\"props\":{\"image_position\":\"center-center\",\"media_overlay_gradient\":\"\",\"position_sticky_breakpoint\":\"m\"},\"children\":[{\"type\":\"headline\",\"props\":{\"class\":\"page-header\",\"title_element\":\"h1\"},\"source\":{\"query\":{\"name\":\"pages.singlePage\"},\"props\":{\"content\":{\"filters\":{\"search\":\"\"},\"name\":\"title\"}}}}]}]},{\"type\":\"row\",\"props\":{\"layout\":\"2-3,1-3\"},\"children\":[{\"type\":\"column\",\"props\":{\"image_position\":\"center-center\",\"media_overlay_gradient\":\"\",\"position_sticky_breakpoint\":\"m\",\"vertical_align\":\"middle\",\"width_medium\":\"2-3\"},\"children\":[{\"type\":\"text\",\"props\":{\"column_breakpoint\":\"m\",\"content\":\"\n\n<p>Un cours eLearning sera produit pour les employeurs sur la lutte contre le harc\\u00e8lement sexuel au travail. Les utilisateurs pourront trouver les modules et les manuels en ligne, participer \\u00e0 des activit\\u00e9s d'apprentissage, utiliser des outils d'\\u00e9valuation de leurs performances et communiquer avec d'autres apprenants et formateurs.<\\\/p>\",\"margin\":\"default\"}}]},{\"type\":\"column\",\"props\":{\"image_position\":\"center-center\",\"media_overlay_gradient\":\"\",\"position_sticky_breakpoint\":\"m\",\"vertical_align\":\"middle\",\"width_medium\":\"1-3\"},\"children\":[{\"type\":\"image\",\"props\":{\"image\":\"wp-content\\\/uploads\\\/2023\\\/05\\\/elearning-img-10.png\",\"image_svg_color\":\"emphasis\",\"margin\":\"default\",\"text_align\":\"center\"}}]}]}]}],\"version\":\"3.0.20\"} --><\/p>\n","protected":false},"excerpt":{"rendered":"<p>Bienvenue sur la plateforme d&rsquo;apprentissage en ligne TeamWork 2! Utilisez tous vos talents pour cr\u00e9er des environnements de travail s\u00fbrs et inclusifs gr\u00e2ce au cours sp\u00e9cialis\u00e9 TeamWork 2. Ce cours vise \u00e0 donner aux employeurs les connaissances et comp\u00e9tences indispensables pour g\u00e9rer et pr\u00e9venir efficacement le harc\u00e8lement sexuel sur le lieu de travail. Nos modules [&hellip;]<\/p>\n","protected":false},"author":1,"featured_media":0,"parent":0,"menu_order":0,"comment_status":"closed","ping_status":"closed","template":"","meta":{"_acf_changed":false,"inline_featured_image":false,"footnotes":""},"class_list":["post-1648","page","type-page","status-publish","hentry"],"acf":[],"_links":{"self":[{"href":"https:\/\/teamwork2project.eu\/fr\/wp-json\/wp\/v2\/pages\/1648","targetHints":{"allow":["GET"]}}],"collection":[{"href":"https:\/\/teamwork2project.eu\/fr\/wp-json\/wp\/v2\/pages"}],"about":[{"href":"https:\/\/teamwork2project.eu\/fr\/wp-json\/wp\/v2\/types\/page"}],"author":[{"embeddable":true,"href":"https:\/\/teamwork2project.eu\/fr\/wp-json\/wp\/v2\/users\/1"}],"replies":[{"embeddable":true,"href":"https:\/\/teamwork2project.eu\/fr\/wp-json\/wp\/v2\/comments?post=1648"}],"version-history":[{"count":3,"href":"https:\/\/teamwork2project.eu\/fr\/wp-json\/wp\/v2\/pages\/1648\/revisions"}],"predecessor-version":[{"id":2136,"href":"https:\/\/teamwork2project.eu\/fr\/wp-json\/wp\/v2\/pages\/1648\/revisions\/2136"}],"wp:attachment":[{"href":"https:\/\/teamwork2project.eu\/fr\/wp-json\/wp\/v2\/media?parent=1648"}],"curies":[{"name":"wp","href":"https:\/\/api.w.org\/{rel}","templated":true}]}}