{"id":1654,"date":"2023-05-31T08:26:07","date_gmt":"2023-05-31T08:26:07","guid":{"rendered":"https:\/\/teamwork2project.eu\/helpdesk\/"},"modified":"2024-09-20T07:16:43","modified_gmt":"2024-09-20T07:16:43","slug":"helpdesk","status":"publish","type":"page","link":"https:\/\/teamwork2project.eu\/fr\/helpdesk\/","title":{"rendered":"Service d\u2019assistance"},"content":{"rendered":"<div>Le service d&rsquo;assistance au niveau local\/r\u00e9gional vise \u00e0 soutenir les entreprises qui demandent des conseils sur la mani\u00e8re de cr\u00e9er un plan de lutte contre le harc\u00e8lement sexuel sur le lieu de travail, d&rsquo;\u00e9tablir des proc\u00e9dures et de respecter la loi, ainsi que de fournir des informations aux victimes de harc\u00e8lement sexuel qui ont besoin d&rsquo;aide.<\/div>\n<div>\n<h3>HELPDESK IN BULGARIA<\/h3>\n<div>\n<p><strong>Address:<\/strong> Yambol, 1 Dimitar Blagoev str., 3rd floor<\/p>\n<p><strong>Tel.:<\/strong> 0896 65 51 24<\/p>\n<p><strong>E-mail:<\/strong> <u><a href=\"mailto:helpdesk_bg@abv.bg\" target=\"_blank\" rel=\"noopener\">helpdesk_bg@abv.bg<\/a><\/u><\/p>\n<p>(working hours: 13:00-18:00, Monday to Friday)<\/p>\n<\/div>\n<\/div>\n<div>\n<h3>HELPDESK IN CROATIA<\/h3>\n<div>\n<p><strong>Address:<\/strong> Preobra\u017eenska 4\/1<br \/>10 000 Zagreb, Croatia<\/p>\n<p><strong>Tel.:<\/strong> +385 (0) 1 48 48 100<\/p>\n<p><strong>E-mail:<\/strong> <u><a href=\"mailto:ravnopravnost@prs.hr\" target=\"_blank\" rel=\"noopener\">ravnopravnost@prs.hr<\/a><\/u>\u00a0<\/p>\n<p>Web-form for reporting sexual harassment: <u><a href=\"https:\/\/prs.hr\/contact2\/form\" target=\"_blank\" rel=\"noopener\">https:\/\/prs.hr\/contact2\/form<\/a><\/u><\/p>\n<p>(working hours: Monday to Friday, 09:00 \u2013 12:00 and 12:30 \u2013 14:00)<\/p>\n<\/div>\n<\/div>\n<div>\n<h3>HELPDESK IN GREECE<\/h3>\n<div>\n<p><strong>Address:<\/strong> 143, Liosion avenue &amp; 6, Thirsiou street<\/p>\n<p><strong>Tel.:<\/strong> 00302108257830<\/p>\n<p><strong>E-mail:<\/strong> <u><a href=\"mailto:stopharassment@ivepe.gr\" target=\"_blank\" rel=\"noopener\">stopharassment@ivepe.gr<\/a><\/u><\/p>\n<p>(working hours: 09:00 \u2013 15:00, Monday to Friday)<\/p>\n<\/div>\n<\/div>\n<div>\n<h3>HELPDESK IN CYPRUS<\/h3>\n<div>\n<p>Address: Pafos Chamber of Commerce and Industry<\/p>\n<p><strong>Address:<\/strong> Athens Avenue and A.Papagou corner, Tolmi Court, Apt. 101, 8100 Paphos<\/p>\n<p><strong>Tel.:<\/strong> 00357268173<\/p>\n<p><strong>E-mail:<\/strong> <u><a href=\"mailto:info@pcci.org.cy\" target=\"_blank\" rel=\"noopener\">info@pcci.org.cy<\/a><\/u><\/p>\n<p>(working hours: <strong>\u00a0<\/strong>08:00 \u2013 14:00 and 15:00 \u2013 17:30 Monday to Thursday, 08:00 \u2013 14:15 on Fridays)<\/p>\n<\/div>\n<\/div>\n<div>\n<h3>HELPDESK IN ITALY<\/h3>\n<div>\n<p><strong>Address:<\/strong> CGIL Office in Grosseto <br \/>Via Repubblica Dominicana, 80\/G<\/p>\n<p>Tel: +39 3452177304<\/p>\n<p>(working hours: 9.00 -18:00, Monday to Friday)<\/p>\n<\/div>\n<\/div>\n<div>\n<h3>HELPDESK IN SPAIN<\/h3>\n<div>\n<p><strong>Address:<\/strong> Carrer Val\u00e8ncia, 227 4t 1a <br \/>(Barcelona 08007)<\/p>\n<p><strong>Tel.:<\/strong>\u00a0 +34 653 55 27 63 \/ +34 665 20 91 83<\/p>\n<p><strong>E-mail:<\/strong>\u00a0 <u><a href=\"mailto:teamwork@carlavall.com\" target=\"_blank\" rel=\"noopener\">teamwork@carlavall.com<\/a><\/u><\/p>\n<p>(working hours: 8.00 \u2013 17.30 Monday to Thursday, 8:00 \u2013 14:00 Friday)<\/p>\n<\/div>\n<\/div>\n<p><!--more--><br \/>\n<!-- {\"type\":\"layout\",\"children\":[{\"type\":\"section\",\"props\":{\"animation\":\"slide-bottom-medium\",\"animation_delay\":\"250\",\"css\":\".el-section{\\n\\tbackground: #7671B1;\\n}\",\"image_position\":\"center-center\",\"padding_remove_bottom\":false,\"padding_remove_top\":false,\"style\":\"primary\",\"title_breakpoint\":\"xl\",\"title_position\":\"top-left\",\"title_rotation\":\"left\",\"vertical_align\":\"middle\",\"width\":\"default\"},\"children\":[{\"type\":\"row\",\"children\":[{\"type\":\"column\",\"props\":{\"image_position\":\"center-center\",\"media_overlay_gradient\":\"\",\"position_sticky_breakpoint\":\"m\"},\"children\":[{\"type\":\"headline\",\"props\":{\"class\":\"page-header\",\"margin_remove_bottom\":false,\"title_element\":\"h1\"},\"source\":{\"query\":{\"name\":\"pages.singlePage\"},\"props\":{\"content\":{\"filters\":{\"search\":\"\"},\"name\":\"title\"}}}},{\"type\":\"text\",\"props\":{\"column_breakpoint\":\"m\",\"content\":\"Le service d'assistance au niveau local\\\/r\\u00e9gional vise \\u00e0 soutenir les entreprises qui demandent des conseils sur la mani\\u00e8re de cr\\u00e9er un plan de lutte contre le harc\\u00e8lement sexuel sur le lieu de travail, d'\\u00e9tablir des proc\\u00e9dures et de respecter la loi, ainsi que de fournir des informations aux victimes de harc\\u00e8lement sexuel qui ont besoin d'aide.\",\"margin\":\"default\",\"margin_remove_bottom\":true,\"margin_remove_top\":false,\"text_style\":\"large\"}}]}]},{\"type\":\"row\",\"props\":{\"layout\":\"1-2,1-2\",\"match\":true},\"children\":[{\"type\":\"column\",\"props\":{\"image_position\":\"center-center\",\"media_overlay_gradient\":\"\",\"position_sticky_breakpoint\":\"m\",\"width_medium\":\"1-2\"},\"children\":[{\"type\":\"panel\",\"props\":{\"content\":\"\n\n<p><strong>Address:<\\\/strong> Yambol, 1 Dimitar Blagoev str., 3rd floor<\\\/p>\\n\n\n<p><strong>Tel.:<\\\/strong> 0896 65 51 24<\\\/p>\\n\n\n<p><strong>E-mail:<\\\/strong> <u><a href=\\\"mailto:helpdesk_bg@abv.bg\\\" target=\\\"_blank\\\" rel=\\\"noopener\\\">helpdesk_bg@abv.bg<\\\/a><\\\/u><\\\/p>\\n\n\n<p>(working hours: 13:00-18:00, Monday to Friday)<\\\/p>\",\"content_column_breakpoint\":\"m\",\"content_style\":\"text-meta\",\"css\":\".el-title {font-weight: bold;}\\n.el-content {\\n\\tfont-size: 1rem;\\n    color: #fff;\\n}\",\"icon_width\":80,\"image_align\":\"top\",\"image_grid_breakpoint\":\"m\",\"image_grid_width\":\"1-2\",\"image_svg_color\":\"emphasis\",\"link_style\":\"default\",\"link_text\":\"Read more\",\"margin\":\"default\",\"meta_align\":\"below-title\",\"meta_element\":\"div\",\"meta_style\":\"text-meta\",\"panel_padding\":\"default\",\"panel_style\":\"card-secondary\",\"title\":\"HELPDESK IN BULGARIA\",\"title_align\":\"top\",\"title_element\":\"h3\",\"title_grid_breakpoint\":\"m\",\"title_grid_width\":\"1-2\",\"title_hover_style\":\"reset\",\"title_style\":\"h3\"}}]},{\"type\":\"column\",\"props\":{\"image_position\":\"center-center\",\"media_overlay_gradient\":\"\",\"position_sticky_breakpoint\":\"m\",\"width_medium\":\"1-2\"},\"children\":[{\"type\":\"panel\",\"props\":{\"content\":\"\n\n<p><strong>Address:<\\\/strong> Preobra\\u017eenska 4\\\/1<br \\\/>10 000 Zagreb, Croatia<\\\/p>\\n\n\n<p><strong>Tel.:<\\\/strong> +385 (0) 1 48 48 100<\\\/p>\\n\n\n<p><strong>E-mail:<\\\/strong> <u><a href=\\\"mailto:ravnopravnost@prs.hr\\\" target=\\\"_blank\\\" rel=\\\"noopener\\\">ravnopravnost@prs.hr<\\\/a><\\\/u>\\u00a0<\\\/p>\\n\n\n<p>Web-form for reporting sexual harassment: <u><a href=\\\"https:\\\/\\\/prs.hr\\\/contact2\\\/form\\\" target=\\\"_blank\\\" rel=\\\"noopener\\\">https:\\\/\\\/prs.hr\\\/contact2\\\/form<\\\/a><\\\/u><\\\/p>\\n\n\n<p>(working hours: Monday to Friday, 09:00 \\u2013 12:00 and 12:30 \\u2013 14:00)<\\\/p>\",\"content_column_breakpoint\":\"m\",\"content_style\":\"text-meta\",\"css\":\".el-title {font-weight: bold;}\\n.el-content {\\n\\tfont-size: 1rem;\\n    color: #fff;\\n}\",\"icon_width\":80,\"image_align\":\"top\",\"image_grid_breakpoint\":\"m\",\"image_grid_width\":\"1-2\",\"image_svg_color\":\"emphasis\",\"link_style\":\"default\",\"link_text\":\"Read more\",\"margin\":\"default\",\"meta_align\":\"below-title\",\"meta_element\":\"div\",\"meta_style\":\"text-meta\",\"panel_padding\":\"default\",\"panel_style\":\"card-primary\",\"title\":\"HELPDESK IN CROATIA\",\"title_align\":\"top\",\"title_element\":\"h3\",\"title_grid_breakpoint\":\"m\",\"title_grid_width\":\"1-2\",\"title_hover_style\":\"reset\",\"title_style\":\"h3\"}}]}]},{\"type\":\"row\",\"props\":{\"layout\":\"1-2,1-2\",\"match\":true},\"children\":[{\"type\":\"column\",\"props\":{\"image_position\":\"center-center\",\"media_overlay_gradient\":\"\",\"position_sticky_breakpoint\":\"m\",\"width_medium\":\"1-2\"},\"children\":[{\"type\":\"panel\",\"props\":{\"content\":\"\n\n<p><strong>Address:<\\\/strong> 143, Liosion avenue &amp; 6, Thirsiou street<\\\/p>\\n\n\n<p><strong>Tel.:<\\\/strong> 00302108257830<\\\/p>\\n\n\n<p><strong>E-mail:<\\\/strong> <u><a href=\\\"mailto:stopharassment@ivepe.gr\\\" target=\\\"_blank\\\" rel=\\\"noopener\\\">stopharassment@ivepe.gr<\\\/a><\\\/u><\\\/p>\\n\n\n<p>(working hours: 09:00 \\u2013 15:00, Monday to Friday)<\\\/p>\",\"content_column_breakpoint\":\"m\",\"content_style\":\"text-meta\",\"css\":\".el-title {font-weight: bold;}\\n.el-content {\\n\\tfont-size: 1rem;\\n    color: #fff;\\n}\",\"icon_width\":80,\"image_align\":\"top\",\"image_grid_breakpoint\":\"m\",\"image_grid_width\":\"1-2\",\"image_svg_color\":\"emphasis\",\"link_style\":\"default\",\"link_text\":\"Read more\",\"margin\":\"default\",\"meta_align\":\"below-title\",\"meta_element\":\"div\",\"meta_style\":\"text-meta\",\"panel_padding\":\"default\",\"panel_style\":\"card-secondary\",\"title\":\"HELPDESK IN GREECE\",\"title_align\":\"top\",\"title_element\":\"h3\",\"title_grid_breakpoint\":\"m\",\"title_grid_width\":\"1-2\",\"title_hover_style\":\"reset\",\"title_style\":\"h3\"}}]},{\"type\":\"column\",\"props\":{\"image_position\":\"center-center\",\"media_overlay_gradient\":\"\",\"order_first\":\"l\",\"position_sticky_breakpoint\":\"m\",\"width_medium\":\"1-2\"},\"children\":[{\"type\":\"panel\",\"props\":{\"content\":\"\n\n<p>Address: Pafos Chamber of Commerce and Industry<\\\/p>\\n\n\n<p><strong>Address:<\\\/strong> Athens Avenue and A.Papagou corner, Tolmi Court, Apt. 101, 8100 Paphos<\\\/p>\\n\n\n<p><strong>Tel.:<\\\/strong> 00357268173<\\\/p>\\n\n\n<p><strong>E-mail:<\\\/strong> <u><a href=\\\"mailto:info@pcci.org.cy\\\" target=\\\"_blank\\\" rel=\\\"noopener\\\">info@pcci.org.cy<\\\/a><\\\/u><\\\/p>\\n\n\n<p>(working hours: <strong>\\u00a0<\\\/strong>08:00 \\u2013 14:00 and 15:00 \\u2013 17:30 Monday to Thursday, 08:00 \\u2013 14:15 on Fridays)<\\\/p>\",\"content_column_breakpoint\":\"m\",\"content_style\":\"text-meta\",\"css\":\".el-title {font-weight: bold;}\\n.el-content {\\n\\tfont-size: 1rem;\\n    color: #fff;\\n}\",\"icon_width\":80,\"image_align\":\"top\",\"image_grid_breakpoint\":\"m\",\"image_grid_width\":\"1-2\",\"image_svg_color\":\"emphasis\",\"link_style\":\"default\",\"link_text\":\"Read more\",\"margin\":\"default\",\"meta_align\":\"below-title\",\"meta_element\":\"div\",\"meta_style\":\"text-meta\",\"panel_padding\":\"default\",\"panel_style\":\"card-primary\",\"title\":\"HELPDESK IN CYPRUS\",\"title_align\":\"top\",\"title_element\":\"h3\",\"title_grid_breakpoint\":\"m\",\"title_grid_width\":\"1-2\",\"title_hover_style\":\"reset\",\"title_style\":\"h3\"}}]}]},{\"type\":\"row\",\"props\":{\"layout\":\"1-2,1-2\",\"match\":true},\"children\":[{\"type\":\"column\",\"props\":{\"image_position\":\"center-center\",\"media_overlay_gradient\":\"\",\"position_sticky_breakpoint\":\"m\",\"width_medium\":\"1-2\"},\"children\":[{\"type\":\"panel\",\"props\":{\"content\":\"\n\n<p><strong>Address:<\\\/strong> CGIL Office in Grosseto <br \\\/>Via Repubblica Dominicana, 80\\\/G<\\\/p>\\n\n\n<p>Tel: +39 3452177304<\\\/p>\\n\n\n<p>(working hours: 9.00 -18:00, Monday to Friday)<\\\/p>\",\"content_column_breakpoint\":\"m\",\"content_style\":\"text-meta\",\"css\":\".el-title {font-weight: bold;}\\n.el-content {\\n\\tfont-size: 1rem;\\n    color: #fff;\\n}\",\"icon_width\":80,\"image_align\":\"top\",\"image_grid_breakpoint\":\"m\",\"image_grid_width\":\"1-2\",\"image_svg_color\":\"emphasis\",\"link_style\":\"default\",\"link_text\":\"Read more\",\"margin\":\"default\",\"meta_align\":\"below-title\",\"meta_element\":\"div\",\"meta_style\":\"text-meta\",\"panel_padding\":\"default\",\"panel_style\":\"card-secondary\",\"title\":\"HELPDESK IN ITALY\",\"title_align\":\"top\",\"title_element\":\"h3\",\"title_grid_breakpoint\":\"m\",\"title_grid_width\":\"1-2\",\"title_hover_style\":\"reset\",\"title_style\":\"h3\"}}]},{\"type\":\"column\",\"props\":{\"image_position\":\"center-center\",\"media_overlay_gradient\":\"\",\"position_sticky_breakpoint\":\"m\",\"width_medium\":\"1-2\"},\"children\":[{\"type\":\"panel\",\"props\":{\"content\":\"\n\n<p><strong>Address:<\\\/strong> Carrer Val\\u00e8ncia, 227 4t 1a <br \\\/>(Barcelona 08007)<\\\/p>\\n\n\n<p><strong>Tel.:<\\\/strong>\\u00a0 +34 653 55 27 63 \\\/ +34 665 20 91 83<\\\/p>\\n\n\n<p><strong>E-mail:<\\\/strong>\\u00a0 <u><a href=\\\"mailto:teamwork@carlavall.com\\\" target=\\\"_blank\\\" rel=\\\"noopener\\\">teamwork@carlavall.com<\\\/a><\\\/u><\\\/p>\\n\n\n<p>(working hours: 8.00 \\u2013 17.30 Monday to Thursday, 8:00 \\u2013 14:00 Friday)<\\\/p>\",\"content_column_breakpoint\":\"m\",\"content_style\":\"text-meta\",\"css\":\".el-title {font-weight: bold;}\\n.el-content {\\n\\tfont-size: 1rem;\\n    color: #fff;\\n}\",\"icon_width\":80,\"image_align\":\"top\",\"image_grid_breakpoint\":\"m\",\"image_grid_width\":\"1-2\",\"image_svg_color\":\"emphasis\",\"link_style\":\"default\",\"link_text\":\"Read more\",\"margin\":\"default\",\"meta_align\":\"below-title\",\"meta_element\":\"div\",\"meta_style\":\"text-meta\",\"panel_padding\":\"default\",\"panel_style\":\"card-primary\",\"title\":\"HELPDESK IN SPAIN\",\"title_align\":\"top\",\"title_element\":\"h3\",\"title_grid_breakpoint\":\"m\",\"title_grid_width\":\"1-2\",\"title_hover_style\":\"reset\",\"title_style\":\"h3\"}}]}]}],\"name\":\"HELPDESK FINAL - Section\"},{\"type\":\"section\",\"props\":{\"attributes\":\"\",\"css\":\".el-section{\\n\\tbackground: #7671B1;\\n}\",\"height\":\"expand\",\"image_position\":\"center-center\",\"status\":\"disabled\",\"style\":\"primary\",\"title_breakpoint\":\"xl\",\"title_position\":\"top-left\",\"title_rotation\":\"left\",\"vertical_align\":\"middle\",\"width\":\"default\"},\"children\":[{\"type\":\"row\",\"children\":[{\"type\":\"column\",\"props\":{\"image_position\":\"center-center\",\"media_overlay_gradient\":\"\",\"position_sticky_breakpoint\":\"m\"},\"children\":[{\"type\":\"text\",\"props\":{\"column_breakpoint\":\"m\",\"content\":\"\n\n<p>Chaque partenaire lancera un service d'assistance au niveau local\\\/r\\u00e9gional. Ce service d'assistance aura un double objectif :<\\\/p>\\n\n\n<ul>\\n\n\n<li>soutenir les entreprises qui demandent des conseils sur la mani\\u00e8re de cr\\u00e9er un plan de lutte contre le harc\\u00e8lement sexuel sur le lieu de travail et sur la mani\\u00e8re d'\\u00e9tablir des proc\\u00e9dures et de se conformer \\u00e0 la loi<\\\/li>\\n\n\n<li>fournir des informations aux victimes de harc\\u00e8lement sexuel qui ont besoin de soutien.<\\\/li>\\n<\\\/ul>\\n\n\n<p>De plus amples informations seront bient\\u00f4t disponibles.<\\\/p>\",\"margin\":\"default\"}}]}]}]}],\"version\":\"3.0.20\"} --><\/p>\n","protected":false},"excerpt":{"rendered":"<p>Le service d&rsquo;assistance au niveau local\/r\u00e9gional vise \u00e0 soutenir les entreprises qui demandent des conseils sur la mani\u00e8re de cr\u00e9er un plan de lutte contre le harc\u00e8lement sexuel sur le lieu de travail, d&rsquo;\u00e9tablir des proc\u00e9dures et de respecter la loi, ainsi que de fournir des informations aux victimes de harc\u00e8lement sexuel qui ont besoin [&hellip;]<\/p>\n","protected":false},"author":1,"featured_media":0,"parent":0,"menu_order":0,"comment_status":"closed","ping_status":"closed","template":"","meta":{"_acf_changed":false,"inline_featured_image":false,"footnotes":""},"class_list":["post-1654","page","type-page","status-publish","hentry"],"acf":[],"_links":{"self":[{"href":"https:\/\/teamwork2project.eu\/fr\/wp-json\/wp\/v2\/pages\/1654","targetHints":{"allow":["GET"]}}],"collection":[{"href":"https:\/\/teamwork2project.eu\/fr\/wp-json\/wp\/v2\/pages"}],"about":[{"href":"https:\/\/teamwork2project.eu\/fr\/wp-json\/wp\/v2\/types\/page"}],"author":[{"embeddable":true,"href":"https:\/\/teamwork2project.eu\/fr\/wp-json\/wp\/v2\/users\/1"}],"replies":[{"embeddable":true,"href":"https:\/\/teamwork2project.eu\/fr\/wp-json\/wp\/v2\/comments?post=1654"}],"version-history":[{"count":4,"href":"https:\/\/teamwork2project.eu\/fr\/wp-json\/wp\/v2\/pages\/1654\/revisions"}],"predecessor-version":[{"id":2163,"href":"https:\/\/teamwork2project.eu\/fr\/wp-json\/wp\/v2\/pages\/1654\/revisions\/2163"}],"wp:attachment":[{"href":"https:\/\/teamwork2project.eu\/fr\/wp-json\/wp\/v2\/media?parent=1654"}],"curies":[{"name":"wp","href":"https:\/\/api.w.org\/{rel}","templated":true}]}}