{"id":2196,"date":"2024-06-13T13:03:16","date_gmt":"2024-06-13T13:03:16","guid":{"rendered":"https:\/\/teamwork2project.eu\/?page_id=2196"},"modified":"2024-10-01T08:05:19","modified_gmt":"2024-10-01T08:05:19","slug":"inscription","status":"publish","type":"page","link":"https:\/\/teamwork2project.eu\/fr\/inscription\/","title":{"rendered":"Inscription"},"content":{"rendered":"\n \n\t<div class=\"tutor-disabled-wrapper\">\n\t<div class=\"tutor-disabled-content-wrapper\">\n\t\t\t\t\t<div>\n\t\t\t\t<center>\n\t\t\t\t\t<img decoding=\"async\" src=\"https:\/\/teamwork2project.eu\/wp-content\/plugins\/tutor\/assets\/images\/construction.png\" alt=\"disabled\">\n\t\t\t\t<\/center>\n\t\t\t<\/div>\n\t\t\n\t\t<div>\n\t\t\t\t\t\t\t<h3>\n\t\t\t\t\tOooh\u00a0! Acc\u00e8s refus\u00e9\t\t\t\t<\/h3>\n\t\t\t\n\t\t\t\t\t\t\t<p>\n\t\t\t\t\tVous n\u2019avez pas acc\u00e8s \u00e0 cette zone de la candidature. Veuillez vous adresser \u00e0 votre administrateur ou l\u2019administratrice syst\u00e8me.\t\t\t\t<\/p>\n\t\t\t\t\t<\/div>\n\n\t\t<div>\n\t\t\t\t\t\t\t<a href=\"https:\/\/teamwork2project.eu\/fr\/\" class=\"tutor-btn\">\n\t\t\t\t\tAller \u00e0 l\u2019accueil\t\t\t\t<\/a>\n\t\t\t\t\t<\/div>\n\t<\/div>\n<\/div>\n\n","protected":false},"excerpt":{"rendered":"","protected":false},"author":5,"featured_media":0,"parent":0,"menu_order":0,"comment_status":"closed","ping_status":"closed","template":"","meta":{"_acf_changed":false,"inline_featured_image":false,"footnotes":""},"class_list":["post-2196","page","type-page","status-publish","hentry"],"acf":[],"_links":{"self":[{"href":"https:\/\/teamwork2project.eu\/fr\/wp-json\/wp\/v2\/pages\/2196","targetHints":{"allow":["GET"]}}],"collection":[{"href":"https:\/\/teamwork2project.eu\/fr\/wp-json\/wp\/v2\/pages"}],"about":[{"href":"https:\/\/teamwork2project.eu\/fr\/wp-json\/wp\/v2\/types\/page"}],"author":[{"embeddable":true,"href":"https:\/\/teamwork2project.eu\/fr\/wp-json\/wp\/v2\/users\/5"}],"replies":[{"embeddable":true,"href":"https:\/\/teamwork2project.eu\/fr\/wp-json\/wp\/v2\/comments?post=2196"}],"version-history":[{"count":1,"href":"https:\/\/teamwork2project.eu\/fr\/wp-json\/wp\/v2\/pages\/2196\/revisions"}],"predecessor-version":[{"id":2197,"href":"https:\/\/teamwork2project.eu\/fr\/wp-json\/wp\/v2\/pages\/2196\/revisions\/2197"}],"wp:attachment":[{"href":"https:\/\/teamwork2project.eu\/fr\/wp-json\/wp\/v2\/media?parent=2196"}],"curies":[{"name":"wp","href":"https:\/\/api.w.org\/{rel}","templated":true}]}}