{"id":1647,"date":"2022-02-24T14:11:37","date_gmt":"2022-02-24T14:11:37","guid":{"rendered":"https:\/\/teamwork2project.eu\/elearning\/"},"modified":"2024-09-06T13:00:20","modified_gmt":"2024-09-06T13:00:20","slug":"elearning","status":"publish","type":"page","link":"https:\/\/teamwork2project.eu\/hr\/elearning\/","title":{"rendered":"eLearning"},"content":{"rendered":"<div>\n<p><strong>Dobro do\u0161li na platformu za eLearning TeamWork 2!<\/strong><\/p>\n<\/div>\n<div>\n<p>Otklju\u010dajte puni potencijal za stvaranje sigurnih, uklju\u010divih radnih okru\u017eenja za sve uz specijalizirani te\u010daj TeamWork 2.<\/p>\n<\/div>\n<div>\n<p>Ovaj je te\u010daj osmi\u0161ljen kako bi poslodavce opremio osnovnim znanjem i vje\u0161tinama za u\u010dinkovito rje\u0161avanje i sprje\u010davanje seksualnog uznemiravanja na radnom mjestu. Na\u0161i moduli obuke pru\u017eaju temeljito razumijevanje osnovnih definicija i na\u010dela, pravnih okvira, eti\u010dkih razmatranja, politika, prijavljivanja i podr\u0161ke \u017ertvama te daljnje obuke za poticanje radnog okru\u017eenja punog po\u0161tovanja. Kroz zanimljive scenarije iz stvarnog svijeta nau\u010dit \u0107ete kako prepoznati, rije\u0161iti i sprije\u010diti neprikladno pona\u0161anje, osiguravaju\u0107i da va\u0161e radno mjesto ostane pozitivan prostor za sve.<\/p>\n<\/div>\n<div>Te\u010dajevi eLearninga dostupni su na engleskom, gr\u010dkom, bugarskom, hrvatskom, talijanskom i katalonskom jeziku. <\/div>\n<p>\n    <a href=\"https:\/\/teamwork2project.eu\/hr\/courses\/e-ucenje\/\">Posjetite platformu<\/a>\n<\/p>\n<p><img decoding=\"async\" src=\"\/wp-content\/uploads\/2023\/05\/elearning-img-10.png\" alt=\"\"><\/p>\n<p><!--more--><br \/>\n<!-- {\"type\":\"layout\",\"children\":[{\"type\":\"section\",\"props\":{\"css\":\".el-section{\\n\\tbackground: #60c4b6;\\n}\",\"height\":\"percent\",\"image_position\":\"center-center\",\"padding_remove_top\":false,\"style\":\"default\",\"title_breakpoint\":\"xl\",\"title_position\":\"top-left\",\"title_rotation\":\"left\",\"vertical_align\":\"\",\"width\":\"default\"},\"children\":[{\"type\":\"row\",\"children\":[{\"type\":\"column\",\"props\":{\"image_position\":\"center-center\",\"media_overlay_gradient\":\"\",\"position_sticky_breakpoint\":\"m\"},\"children\":[{\"type\":\"headline\",\"props\":{\"class\":\"page-header\",\"title_element\":\"h1\"},\"source\":{\"query\":{\"name\":\"pages.singlePage\"},\"props\":{\"content\":{\"filters\":{\"search\":\"\"},\"name\":\"title\"}}}}]}]},{\"type\":\"row\",\"props\":{\"layout\":\"2-3,1-3\"},\"children\":[{\"type\":\"column\",\"props\":{\"image_position\":\"center-center\",\"media_overlay_gradient\":\"\",\"position_sticky_breakpoint\":\"m\",\"vertical_align\":\"middle\",\"width_medium\":\"2-3\"},\"children\":[{\"type\":\"text\",\"props\":{\"column_breakpoint\":\"m\",\"content\":\"\n\n<p><strong>Dobro do\\u0161li na platformu za eLearning TeamWork 2!<\\\/strong><\\\/p>\",\"margin\":\"default\"}},{\"type\":\"text\",\"props\":{\"column_breakpoint\":\"m\",\"content\":\"\n\n<p>Otklju\\u010dajte puni potencijal za stvaranje sigurnih, uklju\\u010divih radnih okru\\u017eenja za sve uz specijalizirani te\\u010daj TeamWork 2.<\\\/p>\",\"margin\":\"default\"}},{\"type\":\"text\",\"props\":{\"column_breakpoint\":\"m\",\"content\":\"\n\n<p>Ovaj je te\\u010daj osmi\\u0161ljen kako bi poslodavce opremio osnovnim znanjem i vje\\u0161tinama za u\\u010dinkovito rje\\u0161avanje i sprje\\u010davanje seksualnog uznemiravanja na radnom mjestu. Na\\u0161i moduli obuke pru\\u017eaju temeljito razumijevanje osnovnih definicija i na\\u010dela, pravnih okvira, eti\\u010dkih razmatranja, politika, prijavljivanja i podr\\u0161ke \\u017ertvama te daljnje obuke za poticanje radnog okru\\u017eenja punog po\\u0161tovanja. Kroz zanimljive scenarije iz stvarnog svijeta nau\\u010dit \\u0107ete kako prepoznati, rije\\u0161iti i sprije\\u010diti neprikladno pona\\u0161anje, osiguravaju\\u0107i da va\\u0161e radno mjesto ostane pozitivan prostor za sve.<\\\/p>\",\"margin\":\"default\"}},{\"type\":\"text\",\"props\":{\"column_breakpoint\":\"m\",\"content\":\"Te\\u010dajevi eLearninga dostupni su na engleskom, gr\\u010dkom, bugarskom, hrvatskom, talijanskom i katalonskom jeziku. \",\"margin\":\"default\"}},{\"type\":\"button\",\"props\":{\"grid_column_gap\":\"small\",\"grid_row_gap\":\"small\",\"margin\":\"default\"},\"children\":[{\"type\":\"button_item\",\"props\":{\"button_style\":\"secondary\",\"content\":\"Posjetite platformu\",\"icon_align\":\"left\",\"link\":\"https:\\\/\\\/teamwork2project.eu\\\/hr\\\/courses\\\/e-ucenje\\\/\"}}]}]},{\"type\":\"column\",\"props\":{\"image_position\":\"center-center\",\"media_overlay_gradient\":\"\",\"position_sticky_breakpoint\":\"m\",\"vertical_align\":\"middle\",\"width_medium\":\"1-3\"},\"children\":[{\"type\":\"image\",\"props\":{\"image\":\"wp-content\\\/uploads\\\/2023\\\/05\\\/elearning-img-10.png\",\"image_svg_color\":\"emphasis\",\"image_width\":\"300\",\"margin\":\"default\",\"text_align\":\"center\"}}]}]}],\"name\":\"ELEARNING - Section FINAL\"},{\"type\":\"section\",\"props\":{\"css\":\".el-section{\\n\\tbackground: #60c4b6;\\n}\",\"height\":\"percent\",\"image_position\":\"center-center\",\"padding_remove_top\":false,\"status\":\"disabled\",\"style\":\"default\",\"title_breakpoint\":\"xl\",\"title_position\":\"top-left\",\"title_rotation\":\"left\",\"vertical_align\":\"\",\"width\":\"default\"},\"children\":[{\"type\":\"row\",\"children\":[{\"type\":\"column\",\"props\":{\"image_position\":\"center-center\",\"media_overlay_gradient\":\"\",\"position_sticky_breakpoint\":\"m\"},\"children\":[{\"type\":\"headline\",\"props\":{\"class\":\"page-header\",\"title_element\":\"h1\"},\"source\":{\"query\":{\"name\":\"pages.singlePage\"},\"props\":{\"content\":{\"filters\":{\"search\":\"\"},\"name\":\"title\"}}}}]}]},{\"type\":\"row\",\"props\":{\"layout\":\"2-3,1-3\"},\"children\":[{\"type\":\"column\",\"props\":{\"image_position\":\"center-center\",\"media_overlay_gradient\":\"\",\"position_sticky_breakpoint\":\"m\",\"vertical_align\":\"middle\",\"width_medium\":\"2-3\"},\"children\":[{\"type\":\"text\",\"props\":{\"column_breakpoint\":\"m\",\"content\":\"\n\n<p>Za poslodavce je predvi\\u0111en e-te\\u010daj o borbi protiv spolnog uznemiravanja na radnom mjestu. Polaznici \\u0107e imati pristup online modulima i priru\\u010dnicima, sudjelovat \\u0107e u aktivnostima, mo\\u0107i \\u0107e provesti samoprocjenu da ocijene svoj rad te \\u0107e im se omogu\\u0107iti komunikacija s ostalim polaznicima i voditeljima te\\u010daja.<\\\/p>\",\"margin\":\"default\"}}]},{\"type\":\"column\",\"props\":{\"image_position\":\"center-center\",\"media_overlay_gradient\":\"\",\"position_sticky_breakpoint\":\"m\",\"vertical_align\":\"middle\",\"width_medium\":\"1-3\"},\"children\":[{\"type\":\"image\",\"props\":{\"image\":\"wp-content\\\/uploads\\\/2023\\\/05\\\/elearning-img-10.png\",\"image_svg_color\":\"emphasis\",\"margin\":\"default\",\"text_align\":\"center\"}}]}]}]}],\"version\":\"3.0.20\"} --><\/p>\n","protected":false},"excerpt":{"rendered":"<p>Dobro do\u0161li na platformu za eLearning TeamWork 2! Otklju\u010dajte puni potencijal za stvaranje sigurnih, uklju\u010divih radnih okru\u017eenja za sve uz specijalizirani te\u010daj TeamWork 2. Ovaj je te\u010daj osmi\u0161ljen kako bi poslodavce opremio osnovnim znanjem i vje\u0161tinama za u\u010dinkovito rje\u0161avanje i sprje\u010davanje seksualnog uznemiravanja na radnom mjestu. Na\u0161i moduli obuke pru\u017eaju temeljito razumijevanje osnovnih definicija i [&hellip;]<\/p>\n","protected":false},"author":1,"featured_media":0,"parent":0,"menu_order":0,"comment_status":"closed","ping_status":"closed","template":"","meta":{"_acf_changed":false,"inline_featured_image":false,"footnotes":""},"class_list":["post-1647","page","type-page","status-publish","hentry"],"acf":[],"_links":{"self":[{"href":"https:\/\/teamwork2project.eu\/hr\/wp-json\/wp\/v2\/pages\/1647","targetHints":{"allow":["GET"]}}],"collection":[{"href":"https:\/\/teamwork2project.eu\/hr\/wp-json\/wp\/v2\/pages"}],"about":[{"href":"https:\/\/teamwork2project.eu\/hr\/wp-json\/wp\/v2\/types\/page"}],"author":[{"embeddable":true,"href":"https:\/\/teamwork2project.eu\/hr\/wp-json\/wp\/v2\/users\/1"}],"replies":[{"embeddable":true,"href":"https:\/\/teamwork2project.eu\/hr\/wp-json\/wp\/v2\/comments?post=1647"}],"version-history":[{"count":4,"href":"https:\/\/teamwork2project.eu\/hr\/wp-json\/wp\/v2\/pages\/1647\/revisions"}],"predecessor-version":[{"id":2133,"href":"https:\/\/teamwork2project.eu\/hr\/wp-json\/wp\/v2\/pages\/1647\/revisions\/2133"}],"wp:attachment":[{"href":"https:\/\/teamwork2project.eu\/hr\/wp-json\/wp\/v2\/media?parent=1647"}],"curies":[{"name":"wp","href":"https:\/\/api.w.org\/{rel}","templated":true}]}}